{"id":13603,"date":"2025-04-17T01:16:29","date_gmt":"2025-04-17T00:16:29","guid":{"rendered":"https:\/\/legalallies.es\/restablecer-la-contrasena-ua\/"},"modified":"2026-01-22T17:10:25","modified_gmt":"2026-01-22T16:10:25","slug":"restablecer-la-contrasena-ua","status":"publish","type":"page","link":"https:\/\/legalallies.es\/uk\/restablecer-la-contrasena-ua\/","title":{"rendered":"Restablecer la contrase\u00f1a UA"},"content":{"rendered":"\t\t<div data-elementor-type=\"wp-page\" data-elementor-id=\"13603\" class=\"elementor elementor-13603 elementor-786\" data-elementor-post-type=\"page\">\n\t\t\t\t<div class=\"elementor-element elementor-element-2c475f34 e-flex e-con-boxed e-con e-parent\" data-id=\"2c475f34\" data-element_type=\"container\" data-e-type=\"container\">\n\t\t\t\t\t<div class=\"e-con-inner\">\n\t\t<div class=\"elementor-element elementor-element-d2064c8 e-con-full e-flex e-con e-child\" data-id=\"d2064c8\" data-element_type=\"container\" data-e-type=\"container\" data-settings=\"{&quot;background_background&quot;:&quot;classic&quot;}\">\n\t\t\t\t<div class=\"elementor-element elementor-element-7ade85b elementor-widget elementor-widget-shortcode\" data-id=\"7ade85b\" data-element_type=\"widget\" data-e-type=\"widget\" data-widget_type=\"shortcode.default\">\n\t\t\t\t<div class=\"elementor-widget-container\">\n\t\t\t\t\t\t\t<div class=\"elementor-shortcode\"><div class=\"um um-password um-um_password_id\">\n\t<div class=\"um-form\">\n\t\t<form method=\"post\" action=\"\">\n\t\t\t\n\t\t\t\t<input type=\"hidden\" name=\"_um_password_reset\" id=\"_um_password_reset\" value=\"1\" \/>\n\n\t\t\t\t\t\t\t\t\t<div class=\"um-field um-field-block um-field-type_block\">\n\t\t\t\t\t\t<div class=\"um-field-block\">\n\t\t\t\t\t\t\t<div style=\"text-align:center;\">\n\t\t\t\t\t\t\t\t\u0429\u043e\u0431 \u0441\u043a\u0438\u043d\u0443\u0442\u0438 \u043f\u0430\u0440\u043e\u043b\u044c, \u0431\u0443\u0434\u044c \u043b\u0430\u0441\u043a\u0430, \u0432\u0432\u0435\u0434\u0456\u0442\u044c \u0441\u0432\u043e\u044e \u0435\u043b\u0435\u043a\u0442\u0440\u043e\u043d\u043d\u0443 \u0430\u0434\u0440\u0435\u0441\u0443 \u0430\u0431\u043e \u0456\u043c&#039;\u044f \u043a\u043e\u0440\u0438\u0441\u0442\u0443\u0432\u0430\u0447\u0430 \u043d\u0438\u0436\u0447\u0435.\t\t\t\t\t\t\t<\/div>\n\t\t\t\t\t\t<\/div>\n\t\t\t\t\t<\/div>\n\t\t\t\t\t<div  id=\"um_field_0_username_b\" class=\"um-field um-field-text  um-field-username_b um-field-text um-field-type_text\" data-key=\"username_b\"><div class=\"um-field-area\"><input  autocomplete=\"off\" class=\"um-form-field valid \" type=\"text\" name=\"username_b\" id=\"username_b\" value=\"\" placeholder=\"\u0412\u0432\u0435\u0434\u0456\u0442\u044c \u0441\u0432\u043e\u0454 \u0406\u043c&#039;\u044f \u043a\u043e\u0440\u0438\u0441\u0442\u0443\u0432\u0430\u0447\u0430 \u0430\u0431\u043e email\" data-validate=\"\" data-key=\"username_b\"  aria-invalid=\"false\" \/>\n\n\t\t\t\t\t\t<\/div><\/div>\t\t\t\t<div class=\"um-col-alt um-col-alt-b\">\n\t\t\t\t\t<div class=\"um-center\">\n\t\t\t\t\t\t<input type=\"submit\" value=\"\u0421\u043a\u0438\u043d\u0443\u0442\u0438 \u043f\u0430\u0440\u043e\u043b\u044c\" class=\"um-button\" id=\"um-submit-btn\" \/>\n\t\t\t\t\t<\/div>\n\t\t\t\t\t<div class=\"um-clear\"><\/div>\n\t\t\t\t<\/div>\n\t\t\t\t\t<input type=\"hidden\" name=\"form_id\" id=\"form_id_um_password_id\" value=\"um_password_id\" \/>\n\t\t<p class=\"um_request_name\">\n\t\t<label for=\"um_request_um_password_id\">Only fill in if you are not human<\/label>\n\t\t<input type=\"hidden\" name=\"um_request\" id=\"um_request_um_password_id\" class=\"input\" value=\"\" size=\"25\" autocomplete=\"off\" \/>\n\t<\/p>\n\t\t\t<\/form>\n\t<\/div>\n<\/div>\n<style>\n\t\t\t.um-um_password_id.um {\n\t\t\tmax-width: 450px;\n\t\t}\n\t\t<\/style>\n<\/div>\n\t\t\t\t\t\t<\/div>\n\t\t\t\t<\/div>\n\t\t\t\t<\/div>\n\t\t\t\t\t<\/div>\n\t\t\t\t<\/div>\n\t\t\t\t<\/div>\n\t\t","protected":false},"excerpt":{"rendered":"","protected":false},"author":1,"featured_media":0,"parent":0,"menu_order":3,"comment_status":"closed","ping_status":"closed","template":"","meta":{"_acf_changed":false,"footnotes":""},"class_list":["post-13603","page","type-page","status-publish","hentry"],"acf":[],"yoast_head":"<!-- This site is optimized with the Yoast SEO plugin v27.3 - https:\/\/yoast.com\/product\/yoast-seo-wordpress\/ -->\n<title>Restablecer la contrase\u00f1a UA - Legal Allies<\/title>\n<meta name=\"robots\" content=\"index, follow, max-snippet:-1, max-image-preview:large, max-video-preview:-1\" \/>\n<link rel=\"canonical\" href=\"https:\/\/legalallies.es\/uk\/restablecer-la-contrasena-ua\/\" \/>\n<meta property=\"og:locale\" content=\"uk_UA\" \/>\n<meta property=\"og:type\" content=\"article\" \/>\n<meta property=\"og:title\" content=\"Restablecer la contrase\u00f1a UA - Legal Allies\" \/>\n<meta property=\"og:url\" content=\"https:\/\/legalallies.es\/uk\/restablecer-la-contrasena-ua\/\" \/>\n<meta property=\"og:site_name\" content=\"Legal Allies\" \/>\n<meta property=\"article:publisher\" content=\"https:\/\/www.facebook.com\/LegalAllies7\" \/>\n<meta property=\"article:modified_time\" content=\"2026-01-22T16:10:25+00:00\" \/>\n<meta name=\"twitter:card\" content=\"summary_large_image\" \/>\n<meta name=\"twitter:site\" content=\"@legalallies7\" \/>\n<script type=\"application\/ld+json\" class=\"yoast-schema-graph\">{\"@context\":\"https:\\\/\\\/schema.org\",\"@graph\":[{\"@type\":\"WebPage\",\"@id\":\"https:\\\/\\\/legalallies.es\\\/uk\\\/restablecer-la-contrasena-ua\\\/\",\"url\":\"https:\\\/\\\/legalallies.es\\\/uk\\\/restablecer-la-contrasena-ua\\\/\",\"name\":\"Restablecer la contrase\u00f1a UA - Legal Allies\",\"isPartOf\":{\"@id\":\"https:\\\/\\\/legalallies.es\\\/uk\\\/#website\"},\"datePublished\":\"2025-04-17T00:16:29+00:00\",\"dateModified\":\"2026-01-22T16:10:25+00:00\",\"breadcrumb\":{\"@id\":\"https:\\\/\\\/legalallies.es\\\/uk\\\/restablecer-la-contrasena-ua\\\/#breadcrumb\"},\"inLanguage\":\"uk\",\"potentialAction\":[{\"@type\":\"ReadAction\",\"target\":[\"https:\\\/\\\/legalallies.es\\\/uk\\\/restablecer-la-contrasena-ua\\\/\"]}]},{\"@type\":\"BreadcrumbList\",\"@id\":\"https:\\\/\\\/legalallies.es\\\/uk\\\/restablecer-la-contrasena-ua\\\/#breadcrumb\",\"itemListElement\":[{\"@type\":\"ListItem\",\"position\":1,\"name\":\"\u0413\u043e\u043b\u043e\u0432\u043d\u0430\",\"item\":\"https:\\\/\\\/legalallies.es\\\/uk\\\/\"},{\"@type\":\"ListItem\",\"position\":2,\"name\":\"Restablecer la contrase\u00f1a UA\"}]},{\"@type\":\"WebSite\",\"@id\":\"https:\\\/\\\/legalallies.es\\\/uk\\\/#website\",\"url\":\"https:\\\/\\\/legalallies.es\\\/uk\\\/\",\"name\":\"Legal Allies: Asesor\u00eda jur\u00eddica para tr\u00e1mites en Espa\u00f1a\",\"description\":\"\u00bfNecesitas asesor\u00eda jur\u00eddica para alg\u00fan tr\u00e1mite en Espa\u00f1a? En Legal Allies encontrar\u00e1s expertos en todas las ramas del derecho e informaci\u00f3n ver\u00eddica y actualizada sobre los diversos procedimientos legales.\",\"publisher\":{\"@id\":\"https:\\\/\\\/legalallies.es\\\/uk\\\/#organization\"},\"potentialAction\":[{\"@type\":\"SearchAction\",\"target\":{\"@type\":\"EntryPoint\",\"urlTemplate\":\"https:\\\/\\\/legalallies.es\\\/uk\\\/?s={search_term_string}\"},\"query-input\":{\"@type\":\"PropertyValueSpecification\",\"valueRequired\":true,\"valueName\":\"search_term_string\"}}],\"inLanguage\":\"uk\"},{\"@type\":\"Organization\",\"@id\":\"https:\\\/\\\/legalallies.es\\\/uk\\\/#organization\",\"name\":\"Legal Allies\",\"url\":\"https:\\\/\\\/legalallies.es\\\/uk\\\/\",\"logo\":{\"@type\":\"ImageObject\",\"inLanguage\":\"uk\",\"@id\":\"https:\\\/\\\/legalallies.es\\\/uk\\\/#\\\/schema\\\/logo\\\/image\\\/\",\"url\":\"https:\\\/\\\/legalallies.es\\\/wp-content\\\/uploads\\\/2025\\\/09\\\/la2.png\",\"contentUrl\":\"https:\\\/\\\/legalallies.es\\\/wp-content\\\/uploads\\\/2025\\\/09\\\/la2.png\",\"width\":1024,\"height\":1024,\"caption\":\"Legal Allies\"},\"image\":{\"@id\":\"https:\\\/\\\/legalallies.es\\\/uk\\\/#\\\/schema\\\/logo\\\/image\\\/\"},\"sameAs\":[\"https:\\\/\\\/www.facebook.com\\\/LegalAllies7\",\"https:\\\/\\\/x.com\\\/legalallies7\",\"https:\\\/\\\/www.instagram.com\\\/legal.allies\"]}]}<\/script>\n<!-- \/ Yoast SEO plugin. -->","yoast_head_json":{"title":"Restablecer la contrase\u00f1a UA - Legal Allies","robots":{"index":"index","follow":"follow","max-snippet":"max-snippet:-1","max-image-preview":"max-image-preview:large","max-video-preview":"max-video-preview:-1"},"canonical":"https:\/\/legalallies.es\/uk\/restablecer-la-contrasena-ua\/","og_locale":"uk_UA","og_type":"article","og_title":"Restablecer la contrase\u00f1a UA - Legal Allies","og_url":"https:\/\/legalallies.es\/uk\/restablecer-la-contrasena-ua\/","og_site_name":"Legal Allies","article_publisher":"https:\/\/www.facebook.com\/LegalAllies7","article_modified_time":"2026-01-22T16:10:25+00:00","twitter_card":"summary_large_image","twitter_site":"@legalallies7","schema":{"@context":"https:\/\/schema.org","@graph":[{"@type":"WebPage","@id":"https:\/\/legalallies.es\/uk\/restablecer-la-contrasena-ua\/","url":"https:\/\/legalallies.es\/uk\/restablecer-la-contrasena-ua\/","name":"Restablecer la contrase\u00f1a UA - Legal Allies","isPartOf":{"@id":"https:\/\/legalallies.es\/uk\/#website"},"datePublished":"2025-04-17T00:16:29+00:00","dateModified":"2026-01-22T16:10:25+00:00","breadcrumb":{"@id":"https:\/\/legalallies.es\/uk\/restablecer-la-contrasena-ua\/#breadcrumb"},"inLanguage":"uk","potentialAction":[{"@type":"ReadAction","target":["https:\/\/legalallies.es\/uk\/restablecer-la-contrasena-ua\/"]}]},{"@type":"BreadcrumbList","@id":"https:\/\/legalallies.es\/uk\/restablecer-la-contrasena-ua\/#breadcrumb","itemListElement":[{"@type":"ListItem","position":1,"name":"\u0413\u043e\u043b\u043e\u0432\u043d\u0430","item":"https:\/\/legalallies.es\/uk\/"},{"@type":"ListItem","position":2,"name":"Restablecer la contrase\u00f1a UA"}]},{"@type":"WebSite","@id":"https:\/\/legalallies.es\/uk\/#website","url":"https:\/\/legalallies.es\/uk\/","name":"Legal Allies: Asesor\u00eda jur\u00eddica para tr\u00e1mites en Espa\u00f1a","description":"\u00bfNecesitas asesor\u00eda jur\u00eddica para alg\u00fan tr\u00e1mite en Espa\u00f1a? En Legal Allies encontrar\u00e1s expertos en todas las ramas del derecho e informaci\u00f3n ver\u00eddica y actualizada sobre los diversos procedimientos legales.","publisher":{"@id":"https:\/\/legalallies.es\/uk\/#organization"},"potentialAction":[{"@type":"SearchAction","target":{"@type":"EntryPoint","urlTemplate":"https:\/\/legalallies.es\/uk\/?s={search_term_string}"},"query-input":{"@type":"PropertyValueSpecification","valueRequired":true,"valueName":"search_term_string"}}],"inLanguage":"uk"},{"@type":"Organization","@id":"https:\/\/legalallies.es\/uk\/#organization","name":"Legal Allies","url":"https:\/\/legalallies.es\/uk\/","logo":{"@type":"ImageObject","inLanguage":"uk","@id":"https:\/\/legalallies.es\/uk\/#\/schema\/logo\/image\/","url":"https:\/\/legalallies.es\/wp-content\/uploads\/2025\/09\/la2.png","contentUrl":"https:\/\/legalallies.es\/wp-content\/uploads\/2025\/09\/la2.png","width":1024,"height":1024,"caption":"Legal Allies"},"image":{"@id":"https:\/\/legalallies.es\/uk\/#\/schema\/logo\/image\/"},"sameAs":["https:\/\/www.facebook.com\/LegalAllies7","https:\/\/x.com\/legalallies7","https:\/\/www.instagram.com\/legal.allies"]}]}},"_links":{"self":[{"href":"https:\/\/legalallies.es\/uk\/wp-json\/wp\/v2\/pages\/13603","targetHints":{"allow":["GET"]}}],"collection":[{"href":"https:\/\/legalallies.es\/uk\/wp-json\/wp\/v2\/pages"}],"about":[{"href":"https:\/\/legalallies.es\/uk\/wp-json\/wp\/v2\/types\/page"}],"author":[{"embeddable":true,"href":"https:\/\/legalallies.es\/uk\/wp-json\/wp\/v2\/users\/1"}],"replies":[{"embeddable":true,"href":"https:\/\/legalallies.es\/uk\/wp-json\/wp\/v2\/comments?post=13603"}],"version-history":[{"count":1,"href":"https:\/\/legalallies.es\/uk\/wp-json\/wp\/v2\/pages\/13603\/revisions"}],"predecessor-version":[{"id":13604,"href":"https:\/\/legalallies.es\/uk\/wp-json\/wp\/v2\/pages\/13603\/revisions\/13604"}],"wp:attachment":[{"href":"https:\/\/legalallies.es\/uk\/wp-json\/wp\/v2\/media?parent=13603"}],"curies":[{"name":"wp","href":"https:\/\/api.w.org\/{rel}","templated":true}]}}