{"id":8716,"date":"2025-04-17T01:16:28","date_gmt":"2025-04-17T00:16:28","guid":{"rendered":"https:\/\/legalallies.es\/?page_id=8716"},"modified":"2025-08-25T06:25:56","modified_gmt":"2025-08-25T05:25:56","slug":"registro","status":"publish","type":"page","link":"https:\/\/legalallies.es\/fr\/inscription\/","title":{"rendered":"Registro"},"content":{"rendered":"\t\t<div data-elementor-type=\"wp-page\" data-elementor-id=\"8716\" class=\"elementor elementor-8716 elementor-782\" data-elementor-post-type=\"page\">\n\t\t\t\t<div class=\"elementor-element elementor-element-5d3c0ef3 e-flex e-con-boxed e-con e-parent\" data-id=\"5d3c0ef3\" data-element_type=\"container\" data-e-type=\"container\">\n\t\t\t\t\t<div class=\"e-con-inner\">\n\t\t<div class=\"elementor-element elementor-element-79188ea e-con-full e-flex e-con e-child\" data-id=\"79188ea\" data-element_type=\"container\" data-e-type=\"container\" data-settings=\"{&quot;background_background&quot;:&quot;classic&quot;}\">\n\t\t\t\t<div class=\"elementor-element elementor-element-8bdd17b elementor-widget elementor-widget-heading\" data-id=\"8bdd17b\" data-element_type=\"widget\" data-e-type=\"widget\" data-widget_type=\"heading.default\">\n\t\t\t\t<div class=\"elementor-widget-container\">\n\t\t\t\t\t<h1 class=\"elementor-heading-title elementor-size-default\">S\u2019inscrire<\/h1>\t\t\t\t<\/div>\n\t\t\t\t<\/div>\n\t\t\t\t<div class=\"elementor-element elementor-element-181dfc29 elementor-widget__width-inherit elementor-widget elementor-widget-shortcode\" data-id=\"181dfc29\" data-element_type=\"widget\" data-e-type=\"widget\" data-widget_type=\"shortcode.default\">\n\t\t\t\t<div class=\"elementor-widget-container\">\n\t\t\t\t\t\t\t<div class=\"elementor-shortcode\">\n<div class=\"um um-register um-8701\">\n\t<div class=\"um-form\" data-mode=\"register\">\n\t\t<form method=\"post\" action=\"\">\n\t\t\t<div class=\"um-row _um_row_1 \" style=\"margin: 0 0 30px 0;\"><div class=\"um-col-1\"><div  id=\"um_field_8701_first_name\" class=\"um-field um-field-text  um-field-first_name um-field-text um-field-type_text\" data-key=\"first_name\"><div class=\"um-field-area\"><div class=\"um-field-icon\"><i class=\"fas fa-user\"><\/i><\/div><input  autocomplete=\"off\" class=\"um-form-field valid um-iconed \" type=\"text\" name=\"first_name-8701\" id=\"first_name-8701\" value=\"\" placeholder=\"Pr\u00e9nom\" data-validate=\"alphabetic\" data-key=\"first_name\"  aria-invalid=\"false\" \/>\n\n\t\t\t\t\t\t<\/div><\/div><div  id=\"um_field_8701_last_name\" class=\"um-field um-field-text  um-field-last_name um-field-text um-field-type_text\" data-key=\"last_name\"><div class=\"um-field-area\"><div class=\"um-field-icon\"><i class=\"fas fa-user\"><\/i><\/div><input  autocomplete=\"off\" class=\"um-form-field valid um-iconed \" type=\"text\" name=\"last_name-8701\" id=\"last_name-8701\" value=\"\" placeholder=\"Nom\" data-validate=\"alphabetic\" data-key=\"last_name\"  aria-invalid=\"false\" \/>\n\n\t\t\t\t\t\t<\/div><\/div><div  id=\"um_field_8701_user_email\" class=\"um-field um-field-text  um-field-user_email um-field-text um-field-type_text\" data-key=\"user_email\"><div class=\"um-field-area\"><div class=\"um-field-icon\"><i class=\"fas fa-envelope\"><\/i><\/div><input  autocomplete=\"off\" class=\"um-form-field valid um-iconed \" type=\"text\" name=\"user_email-8701\" id=\"user_email-8701\" value=\"\" placeholder=\"E-mail\" data-validate=\"unique_email\" data-key=\"user_email\"  aria-invalid=\"false\" \/>\n\n\t\t\t\t\t\t<\/div><\/div><div  id=\"um_field_8701_user_password\" class=\"um-field um-field-password  um-field-user_password um-field-password um-field-type_password\" data-key=\"user_password\"><div class=\"um-field-area\"><div class=\"um-field-icon\"><i class=\"fas fa-lock\"><\/i><\/div><div class=\"um-field-area-password\">\n\t\t\t\t\t\t\t\t\t<input class=\"um-form-field valid um-iconed \" type=\"password\" name=\"user_password-8701\" id=\"user_password-8701\" value=\"\" placeholder=\"Mot de passe\" data-validate=\"\" data-key=\"user_password\"  aria-invalid=\"false\" \/>\n\t\t\t\t\t\t\t\t\t<span class=\"um-toggle-password\"><i class=\"um-icon-eye\"><\/i><\/span>\n\t\t\t\t\t\t\t\t<\/div>\n\t\t\t\t\t\t\t<\/div><\/div><div  id=\"um_field_8701_confirm_user_password\" class=\"um-field um-field-password  um-field-user_password um-field-password um-field-type_password\" data-key=\"confirm_user_password\"><div class=\"um-field-area\"><div class=\"um-field-icon\"><i class=\"fas fa-lock\"><\/i><\/div><div class=\"um-field-area-password\"><input class=\"um-form-field valid um-iconed \" type=\"password\" name=\"confirm_user_password-8701\" id=\"confirm_user_password-8701\" value=\"\" placeholder=\"Confirmer le Mot de passe\" data-validate=\"\" data-key=\"confirm_user_password\"  aria-invalid=\"false\" \/><span class=\"um-toggle-password\"><i class=\"um-icon-eye\"><\/i><\/span><\/div><\/div><\/div><\/div><\/div>\t<input type=\"hidden\" name=\"form_id\" id=\"form_id_8701\" value=\"8701\" \/>\n\t\t<p class=\"um_request_name\">\n\t\t<label for=\"um_request_8701\">Only fill in if you are not human<\/label>\n\t\t<input type=\"hidden\" name=\"um_request\" id=\"um_request_8701\" class=\"input\" value=\"\" size=\"25\" autocomplete=\"off\" \/>\n\t<\/p>\n\t<input type=\"hidden\" id=\"_wpnonce\" name=\"_wpnonce\" value=\"a4a56aab2f\" \/><input type=\"hidden\" name=\"_wp_http_referer\" value=\"\/fr\/wp-json\/wp\/v2\/pages\/8716\" \/>\n\t<div class=\"um-col-alt\">\n\n\t\t\n\t\t\t<div class=\"um-left um-half\">\n\t\t\t\t<input type=\"submit\" value=\"Inscription\" class=\"um-button\" id=\"um-submit-btn\" \/>\n\t\t\t<\/div>\n\t\t\t<div class=\"um-right um-half\">\n\t\t\t\t<a href=\"https:\/\/legalallies.es\/fr\/acceder\/\" class=\"um-button um-alt\">\n\t\t\t\t\tConnexion\t\t\t\t<\/a>\n\t\t\t<\/div>\n\n\t\t\n\t\t<div class=\"um-clear\"><\/div>\n\n\t<\/div>\n\n\t\t\t<\/form>\n\t<\/div>\n<\/div>\n<style>\n\t\t\t.um-8701.um {\n\t\t\tmax-width: 450px;\n\t\t}\n\t\t<\/style>\n<\/div>\n\t\t\t\t\t\t<\/div>\n\t\t\t\t<\/div>\n\t\t\t\t<\/div>\n\t\t\t\t\t<\/div>\n\t\t\t\t<\/div>\n\t\t\t\t<\/div>\n\t\t","protected":false},"excerpt":{"rendered":"<p>S\u2019inscrire<\/p>\n","protected":false},"author":1,"featured_media":0,"parent":0,"menu_order":1,"comment_status":"closed","ping_status":"closed","template":"","meta":{"_acf_changed":false,"footnotes":""},"class_list":["post-8716","page","type-page","status-publish","hentry"],"acf":[],"yoast_head":"<!-- This site is optimized with the Yoast SEO plugin v27.3 - https:\/\/yoast.com\/product\/yoast-seo-wordpress\/ -->\n<title>Registro - Legal Allies<\/title>\n<meta name=\"robots\" content=\"index, follow, max-snippet:-1, max-image-preview:large, max-video-preview:-1\" \/>\n<link rel=\"canonical\" href=\"https:\/\/legalallies.es\/fr\/inscription\/\" \/>\n<meta property=\"og:locale\" content=\"fr_FR\" \/>\n<meta property=\"og:type\" content=\"article\" \/>\n<meta property=\"og:title\" content=\"Registro - Legal Allies\" \/>\n<meta property=\"og:description\" content=\"S\u2019inscrire\" \/>\n<meta property=\"og:url\" content=\"https:\/\/legalallies.es\/fr\/inscription\/\" \/>\n<meta property=\"og:site_name\" content=\"Legal Allies\" \/>\n<meta property=\"article:publisher\" content=\"https:\/\/www.facebook.com\/LegalAllies7\" \/>\n<meta property=\"article:modified_time\" content=\"2025-08-25T05:25:56+00:00\" \/>\n<meta name=\"twitter:card\" content=\"summary_large_image\" \/>\n<meta name=\"twitter:site\" content=\"@legalallies7\" \/>\n<meta name=\"twitter:label1\" content=\"Dur\u00e9e de lecture estim\u00e9e\" \/>\n\t<meta name=\"twitter:data1\" content=\"1 minute\" \/>\n<script type=\"application\/ld+json\" class=\"yoast-schema-graph\">{\"@context\":\"https:\\\/\\\/schema.org\",\"@graph\":[{\"@type\":\"WebPage\",\"@id\":\"https:\\\/\\\/legalallies.es\\\/fr\\\/inscription\\\/\",\"url\":\"https:\\\/\\\/legalallies.es\\\/fr\\\/inscription\\\/\",\"name\":\"Registro - Legal Allies\",\"isPartOf\":{\"@id\":\"https:\\\/\\\/legalallies.es\\\/fr\\\/#website\"},\"datePublished\":\"2025-04-17T00:16:28+00:00\",\"dateModified\":\"2025-08-25T05:25:56+00:00\",\"breadcrumb\":{\"@id\":\"https:\\\/\\\/legalallies.es\\\/fr\\\/inscription\\\/#breadcrumb\"},\"inLanguage\":\"fr-FR\",\"potentialAction\":[{\"@type\":\"ReadAction\",\"target\":[\"https:\\\/\\\/legalallies.es\\\/fr\\\/inscription\\\/\"]}]},{\"@type\":\"BreadcrumbList\",\"@id\":\"https:\\\/\\\/legalallies.es\\\/fr\\\/inscription\\\/#breadcrumb\",\"itemListElement\":[{\"@type\":\"ListItem\",\"position\":1,\"name\":\"Accueil\",\"item\":\"https:\\\/\\\/legalallies.es\\\/fr\\\/\"},{\"@type\":\"ListItem\",\"position\":2,\"name\":\"Registro\"}]},{\"@type\":\"WebSite\",\"@id\":\"https:\\\/\\\/legalallies.es\\\/fr\\\/#website\",\"url\":\"https:\\\/\\\/legalallies.es\\\/fr\\\/\",\"name\":\"Legal Allies: Asesor\u00eda jur\u00eddica para tr\u00e1mites en Espa\u00f1a\",\"description\":\"\u00bfNecesitas asesor\u00eda jur\u00eddica para alg\u00fan tr\u00e1mite en Espa\u00f1a? En Legal Allies encontrar\u00e1s expertos en todas las ramas del derecho e informaci\u00f3n ver\u00eddica y actualizada sobre los diversos procedimientos legales.\",\"publisher\":{\"@id\":\"https:\\\/\\\/legalallies.es\\\/fr\\\/#organization\"},\"potentialAction\":[{\"@type\":\"SearchAction\",\"target\":{\"@type\":\"EntryPoint\",\"urlTemplate\":\"https:\\\/\\\/legalallies.es\\\/fr\\\/?s={search_term_string}\"},\"query-input\":{\"@type\":\"PropertyValueSpecification\",\"valueRequired\":true,\"valueName\":\"search_term_string\"}}],\"inLanguage\":\"fr-FR\"},{\"@type\":\"Organization\",\"@id\":\"https:\\\/\\\/legalallies.es\\\/fr\\\/#organization\",\"name\":\"Legal Allies\",\"url\":\"https:\\\/\\\/legalallies.es\\\/fr\\\/\",\"logo\":{\"@type\":\"ImageObject\",\"inLanguage\":\"fr-FR\",\"@id\":\"https:\\\/\\\/legalallies.es\\\/fr\\\/#\\\/schema\\\/logo\\\/image\\\/\",\"url\":\"https:\\\/\\\/legalallies.es\\\/wp-content\\\/uploads\\\/2025\\\/09\\\/la2.png\",\"contentUrl\":\"https:\\\/\\\/legalallies.es\\\/wp-content\\\/uploads\\\/2025\\\/09\\\/la2.png\",\"width\":1024,\"height\":1024,\"caption\":\"Legal Allies\"},\"image\":{\"@id\":\"https:\\\/\\\/legalallies.es\\\/fr\\\/#\\\/schema\\\/logo\\\/image\\\/\"},\"sameAs\":[\"https:\\\/\\\/www.facebook.com\\\/LegalAllies7\",\"https:\\\/\\\/x.com\\\/legalallies7\",\"https:\\\/\\\/www.instagram.com\\\/legal.allies\"]}]}<\/script>\n<!-- \/ Yoast SEO plugin. -->","yoast_head_json":{"title":"Registro - Legal Allies","robots":{"index":"index","follow":"follow","max-snippet":"max-snippet:-1","max-image-preview":"max-image-preview:large","max-video-preview":"max-video-preview:-1"},"canonical":"https:\/\/legalallies.es\/fr\/inscription\/","og_locale":"fr_FR","og_type":"article","og_title":"Registro - Legal Allies","og_description":"S\u2019inscrire","og_url":"https:\/\/legalallies.es\/fr\/inscription\/","og_site_name":"Legal Allies","article_publisher":"https:\/\/www.facebook.com\/LegalAllies7","article_modified_time":"2025-08-25T05:25:56+00:00","twitter_card":"summary_large_image","twitter_site":"@legalallies7","twitter_misc":{"Dur\u00e9e de lecture estim\u00e9e":"1 minute"},"schema":{"@context":"https:\/\/schema.org","@graph":[{"@type":"WebPage","@id":"https:\/\/legalallies.es\/fr\/inscription\/","url":"https:\/\/legalallies.es\/fr\/inscription\/","name":"Registro - Legal Allies","isPartOf":{"@id":"https:\/\/legalallies.es\/fr\/#website"},"datePublished":"2025-04-17T00:16:28+00:00","dateModified":"2025-08-25T05:25:56+00:00","breadcrumb":{"@id":"https:\/\/legalallies.es\/fr\/inscription\/#breadcrumb"},"inLanguage":"fr-FR","potentialAction":[{"@type":"ReadAction","target":["https:\/\/legalallies.es\/fr\/inscription\/"]}]},{"@type":"BreadcrumbList","@id":"https:\/\/legalallies.es\/fr\/inscription\/#breadcrumb","itemListElement":[{"@type":"ListItem","position":1,"name":"Accueil","item":"https:\/\/legalallies.es\/fr\/"},{"@type":"ListItem","position":2,"name":"Registro"}]},{"@type":"WebSite","@id":"https:\/\/legalallies.es\/fr\/#website","url":"https:\/\/legalallies.es\/fr\/","name":"Legal Allies: Asesor\u00eda jur\u00eddica para tr\u00e1mites en Espa\u00f1a","description":"\u00bfNecesitas asesor\u00eda jur\u00eddica para alg\u00fan tr\u00e1mite en Espa\u00f1a? En Legal Allies encontrar\u00e1s expertos en todas las ramas del derecho e informaci\u00f3n ver\u00eddica y actualizada sobre los diversos procedimientos legales.","publisher":{"@id":"https:\/\/legalallies.es\/fr\/#organization"},"potentialAction":[{"@type":"SearchAction","target":{"@type":"EntryPoint","urlTemplate":"https:\/\/legalallies.es\/fr\/?s={search_term_string}"},"query-input":{"@type":"PropertyValueSpecification","valueRequired":true,"valueName":"search_term_string"}}],"inLanguage":"fr-FR"},{"@type":"Organization","@id":"https:\/\/legalallies.es\/fr\/#organization","name":"Legal Allies","url":"https:\/\/legalallies.es\/fr\/","logo":{"@type":"ImageObject","inLanguage":"fr-FR","@id":"https:\/\/legalallies.es\/fr\/#\/schema\/logo\/image\/","url":"https:\/\/legalallies.es\/wp-content\/uploads\/2025\/09\/la2.png","contentUrl":"https:\/\/legalallies.es\/wp-content\/uploads\/2025\/09\/la2.png","width":1024,"height":1024,"caption":"Legal Allies"},"image":{"@id":"https:\/\/legalallies.es\/fr\/#\/schema\/logo\/image\/"},"sameAs":["https:\/\/www.facebook.com\/LegalAllies7","https:\/\/x.com\/legalallies7","https:\/\/www.instagram.com\/legal.allies"]}]}},"_links":{"self":[{"href":"https:\/\/legalallies.es\/fr\/wp-json\/wp\/v2\/pages\/8716","targetHints":{"allow":["GET"]}}],"collection":[{"href":"https:\/\/legalallies.es\/fr\/wp-json\/wp\/v2\/pages"}],"about":[{"href":"https:\/\/legalallies.es\/fr\/wp-json\/wp\/v2\/types\/page"}],"author":[{"embeddable":true,"href":"https:\/\/legalallies.es\/fr\/wp-json\/wp\/v2\/users\/1"}],"replies":[{"embeddable":true,"href":"https:\/\/legalallies.es\/fr\/wp-json\/wp\/v2\/comments?post=8716"}],"version-history":[{"count":4,"href":"https:\/\/legalallies.es\/fr\/wp-json\/wp\/v2\/pages\/8716\/revisions"}],"predecessor-version":[{"id":8720,"href":"https:\/\/legalallies.es\/fr\/wp-json\/wp\/v2\/pages\/8716\/revisions\/8720"}],"wp:attachment":[{"href":"https:\/\/legalallies.es\/fr\/wp-json\/wp\/v2\/media?parent=8716"}],"curies":[{"name":"wp","href":"https:\/\/api.w.org\/{rel}","templated":true}]}}