{"id":8593,"date":"2025-04-17T01:16:28","date_gmt":"2025-04-17T00:16:28","guid":{"rendered":"https:\/\/legalallies.es\/?page_id=8593"},"modified":"2025-08-18T04:45:21","modified_gmt":"2025-08-18T03:45:21","slug":"login","status":"publish","type":"page","link":"https:\/\/legalallies.es\/en\/login\/","title":{"rendered":"Login"},"content":{"rendered":"\t\t<div data-elementor-type=\"wp-page\" data-elementor-id=\"8593\" class=\"elementor elementor-8593 elementor-781\" data-elementor-post-type=\"page\">\n\t\t\t\t<div class=\"elementor-element elementor-element-348f21a5 e-flex e-con-boxed e-con e-parent\" data-id=\"348f21a5\" data-element_type=\"container\" data-e-type=\"container\">\n\t\t\t\t\t<div class=\"e-con-inner\">\n\t\t<div class=\"elementor-element elementor-element-4f3a5bc e-con-full e-flex e-con e-child\" data-id=\"4f3a5bc\" data-element_type=\"container\" data-e-type=\"container\" data-settings=\"{&quot;background_background&quot;:&quot;classic&quot;}\">\n\t\t\t\t<div class=\"elementor-element elementor-element-c07f71d elementor-widget elementor-widget-heading\" data-id=\"c07f71d\" data-element_type=\"widget\" data-e-type=\"widget\" data-widget_type=\"heading.default\">\n\t\t\t\t<div class=\"elementor-widget-container\">\n\t\t\t\t\t<h2 class=\"elementor-heading-title elementor-size-default\">Log In<\/h2>\t\t\t\t<\/div>\n\t\t\t\t<\/div>\n\t\t\t\t<div class=\"elementor-element elementor-element-386c9807 elementor-widget elementor-widget-shortcode\" data-id=\"386c9807\" data-element_type=\"widget\" data-e-type=\"widget\" data-widget_type=\"shortcode.default\">\n\t\t\t\t<div class=\"elementor-widget-container\">\n\t\t\t\t\t\t\t<div class=\"elementor-shortcode\">\n<div class=\"um um-login um-8592\">\n\t<div class=\"um-form\">\n\t\t<form method=\"post\" action=\"\" autocomplete=\"off\">\n\t\t\t<div class=\"um-row _um_row_1 \" style=\"margin: 0 0 30px 0;\"><div class=\"um-col-1\"><div  id=\"um_field_8592_username\" class=\"um-field um-field-text  um-field-username um-field-text um-field-type_text\" data-key=\"username\"><div class=\"um-field-label\"><label for=\"username-8592\">Username or email:<span class=\"um-req\" title=\"Required\">*<\/span><\/label><div class=\"um-clear\"><\/div><\/div><div class=\"um-field-area\"><input  autocomplete=\"off\" class=\"um-form-field valid \" type=\"text\" name=\"username-8592\" id=\"username-8592\" value=\"\" placeholder=\"\" data-validate=\"\" data-key=\"username\"  aria-invalid=\"false\" \/>\n\n\t\t\t\t\t\t<\/div><\/div><div  id=\"um_field_8592_user_password\" class=\"um-field um-field-password  um-field-user_password um-field-password um-field-type_password\" data-key=\"user_password\"><div class=\"um-field-label\"><label for=\"user_password-8592\">Password<span class=\"um-req\" title=\"Required\">*<\/span><\/label><div class=\"um-clear\"><\/div><\/div><div class=\"um-field-area\"><div class=\"um-field-area-password\">\n\t\t\t\t\t\t\t\t\t<input class=\"um-form-field valid \" type=\"password\" name=\"user_password-8592\" id=\"user_password-8592\" value=\"\" placeholder=\"\" data-validate=\"\" data-key=\"user_password\"  aria-invalid=\"false\" \/>\n\t\t\t\t\t\t\t\t\t<span class=\"um-toggle-password\"><i class=\"um-icon-eye\"><\/i><\/span>\n\t\t\t\t\t\t\t\t<\/div>\n\t\t\t\t\t\t\t<\/div><\/div><\/div><\/div>\t<input type=\"hidden\" name=\"form_id\" id=\"form_id_8592\" value=\"8592\" \/>\n\t\t<p class=\"um_request_name\">\n\t\t<label for=\"um_request_8592\">Only fill in if you are not human<\/label>\n\t\t<input type=\"hidden\" name=\"um_request\" id=\"um_request_8592\" class=\"input\" value=\"\" size=\"25\" autocomplete=\"off\" \/>\n\t<\/p>\n\t<input type=\"hidden\" id=\"_wpnonce\" name=\"_wpnonce\" value=\"10ef16e876\" \/><input type=\"hidden\" name=\"_wp_http_referer\" value=\"\/en\/wp-json\/wp\/v2\/pages\/8593\" \/>\n\t<div class=\"um-col-alt\">\n\n\t\t\n\n\t\t\t<div class=\"um-field um-field-c\">\n\t\t\t\t<div class=\"um-field-area\">\n\t\t\t\t\t<label class=\"um-field-checkbox\">\n\t\t\t\t\t\t<input type=\"checkbox\" name=\"rememberme\" value=\"1\"  \/>\n\t\t\t\t\t\t<span class=\"um-field-checkbox-state\"><i class=\"um-icon-android-checkbox-outline-blank\"><\/i><\/span>\n\t\t\t\t\t\t<span class=\"um-field-checkbox-option\"> Keep me signed in<\/span>\n\t\t\t\t\t<\/label>\n\t\t\t\t<\/div>\n\t\t\t<\/div>\n\n\t\t\t\t\t\t<div class=\"um-clear\"><\/div>\n\t\t\n\t\t\t<div class=\"um-left um-half\">\n\t\t\t\t<input type=\"submit\" value=\"Sign In\" class=\"um-button\" id=\"um-submit-btn\" \/>\n\t\t\t<\/div>\n\t\t\t<div class=\"um-right um-half\">\n\t\t\t\t<a href=\"https:\/\/legalallies.es\/en\/register\/\" class=\"um-button um-alt\">\n\t\t\t\t\tSign Up\t\t\t\t<\/a>\n\t\t\t<\/div>\n\n\t\t\n\t\t<div class=\"um-clear\"><\/div>\n\n\t<\/div>\n\n\t\n\t<div class=\"um-col-alt-b\">\n\t\t<a href=\"https:\/\/legalallies.es\/en\/restablecer-la-contrasena-en\/\" class=\"um-link-alt\">\n\t\t\tForgot your password?\t\t<\/a>\n\t<\/div>\n\n\t\t\t<\/form>\n\t<\/div>\n<\/div>\n<style>\n\t\t\t.um-8592.um {\n\t\t\tmax-width: 450px;\n\t\t}\n\t\t<\/style>\n<\/div>\n\t\t\t\t\t\t<\/div>\n\t\t\t\t<\/div>\n\t\t\t\t<\/div>\n\t\t\t\t\t<\/div>\n\t\t\t\t<\/div>\n\t\t\t\t<\/div>\n\t\t","protected":false},"excerpt":{"rendered":"<p>Log In<\/p>\n","protected":false},"author":1,"featured_media":0,"parent":0,"menu_order":2,"comment_status":"closed","ping_status":"closed","template":"","meta":{"_acf_changed":false,"footnotes":""},"class_list":["post-8593","page","type-page","status-publish","hentry"],"acf":[],"yoast_head":"<!-- This site is optimized with the Yoast SEO plugin v27.3 - https:\/\/yoast.com\/product\/yoast-seo-wordpress\/ -->\n<title>Login - Legal Allies<\/title>\n<meta name=\"robots\" content=\"index, follow, max-snippet:-1, max-image-preview:large, max-video-preview:-1\" \/>\n<link rel=\"canonical\" href=\"https:\/\/legalallies.es\/en\/login\/\" \/>\n<meta property=\"og:locale\" content=\"en_US\" \/>\n<meta property=\"og:type\" content=\"article\" \/>\n<meta property=\"og:title\" content=\"Login - Legal Allies\" \/>\n<meta property=\"og:description\" content=\"Log In\" \/>\n<meta property=\"og:url\" content=\"https:\/\/legalallies.es\/en\/login\/\" \/>\n<meta property=\"og:site_name\" content=\"Legal Allies\" \/>\n<meta property=\"article:publisher\" content=\"https:\/\/www.facebook.com\/LegalAllies7\" \/>\n<meta property=\"article:modified_time\" content=\"2025-08-18T03:45:21+00:00\" \/>\n<meta name=\"twitter:card\" content=\"summary_large_image\" \/>\n<meta name=\"twitter:site\" content=\"@legalallies7\" \/>\n<meta name=\"twitter:label1\" content=\"Est. reading time\" \/>\n\t<meta name=\"twitter:data1\" content=\"1 minute\" \/>\n<script type=\"application\/ld+json\" class=\"yoast-schema-graph\">{\"@context\":\"https:\\\/\\\/schema.org\",\"@graph\":[{\"@type\":\"WebPage\",\"@id\":\"https:\\\/\\\/legalallies.es\\\/en\\\/login\\\/\",\"url\":\"https:\\\/\\\/legalallies.es\\\/en\\\/login\\\/\",\"name\":\"Login - Legal Allies\",\"isPartOf\":{\"@id\":\"https:\\\/\\\/legalallies.es\\\/en\\\/#website\"},\"datePublished\":\"2025-04-17T00:16:28+00:00\",\"dateModified\":\"2025-08-18T03:45:21+00:00\",\"breadcrumb\":{\"@id\":\"https:\\\/\\\/legalallies.es\\\/en\\\/login\\\/#breadcrumb\"},\"inLanguage\":\"en-US\",\"potentialAction\":[{\"@type\":\"ReadAction\",\"target\":[\"https:\\\/\\\/legalallies.es\\\/en\\\/login\\\/\"]}]},{\"@type\":\"BreadcrumbList\",\"@id\":\"https:\\\/\\\/legalallies.es\\\/en\\\/login\\\/#breadcrumb\",\"itemListElement\":[{\"@type\":\"ListItem\",\"position\":1,\"name\":\"Home\",\"item\":\"https:\\\/\\\/legalallies.es\\\/en\\\/\"},{\"@type\":\"ListItem\",\"position\":2,\"name\":\"Login\"}]},{\"@type\":\"WebSite\",\"@id\":\"https:\\\/\\\/legalallies.es\\\/en\\\/#website\",\"url\":\"https:\\\/\\\/legalallies.es\\\/en\\\/\",\"name\":\"Legal Allies: Asesor\u00eda jur\u00eddica para tr\u00e1mites en Espa\u00f1a\",\"description\":\"Legal Allies. Asesor\u00eda j\u00fardica para tr\u00e1mites en Espa\u00f1a\",\"publisher\":{\"@id\":\"https:\\\/\\\/legalallies.es\\\/en\\\/#organization\"},\"potentialAction\":[{\"@type\":\"SearchAction\",\"target\":{\"@type\":\"EntryPoint\",\"urlTemplate\":\"https:\\\/\\\/legalallies.es\\\/en\\\/?s={search_term_string}\"},\"query-input\":{\"@type\":\"PropertyValueSpecification\",\"valueRequired\":true,\"valueName\":\"search_term_string\"}}],\"inLanguage\":\"en-US\"},{\"@type\":\"Organization\",\"@id\":\"https:\\\/\\\/legalallies.es\\\/en\\\/#organization\",\"name\":\"Legal Allies\",\"url\":\"https:\\\/\\\/legalallies.es\\\/en\\\/\",\"logo\":{\"@type\":\"ImageObject\",\"inLanguage\":\"en-US\",\"@id\":\"https:\\\/\\\/legalallies.es\\\/en\\\/#\\\/schema\\\/logo\\\/image\\\/\",\"url\":\"https:\\\/\\\/legalallies.es\\\/wp-content\\\/uploads\\\/2025\\\/09\\\/la2.png\",\"contentUrl\":\"https:\\\/\\\/legalallies.es\\\/wp-content\\\/uploads\\\/2025\\\/09\\\/la2.png\",\"width\":1024,\"height\":1024,\"caption\":\"Legal Allies\"},\"image\":{\"@id\":\"https:\\\/\\\/legalallies.es\\\/en\\\/#\\\/schema\\\/logo\\\/image\\\/\"},\"sameAs\":[\"https:\\\/\\\/www.facebook.com\\\/LegalAllies7\",\"https:\\\/\\\/x.com\\\/legalallies7\",\"https:\\\/\\\/www.instagram.com\\\/legal.allies\"]}]}<\/script>\n<!-- \/ Yoast SEO plugin. -->","yoast_head_json":{"title":"Login - Legal Allies","robots":{"index":"index","follow":"follow","max-snippet":"max-snippet:-1","max-image-preview":"max-image-preview:large","max-video-preview":"max-video-preview:-1"},"canonical":"https:\/\/legalallies.es\/en\/login\/","og_locale":"en_US","og_type":"article","og_title":"Login - Legal Allies","og_description":"Log In","og_url":"https:\/\/legalallies.es\/en\/login\/","og_site_name":"Legal Allies","article_publisher":"https:\/\/www.facebook.com\/LegalAllies7","article_modified_time":"2025-08-18T03:45:21+00:00","twitter_card":"summary_large_image","twitter_site":"@legalallies7","twitter_misc":{"Est. reading time":"1 minute"},"schema":{"@context":"https:\/\/schema.org","@graph":[{"@type":"WebPage","@id":"https:\/\/legalallies.es\/en\/login\/","url":"https:\/\/legalallies.es\/en\/login\/","name":"Login - Legal Allies","isPartOf":{"@id":"https:\/\/legalallies.es\/en\/#website"},"datePublished":"2025-04-17T00:16:28+00:00","dateModified":"2025-08-18T03:45:21+00:00","breadcrumb":{"@id":"https:\/\/legalallies.es\/en\/login\/#breadcrumb"},"inLanguage":"en-US","potentialAction":[{"@type":"ReadAction","target":["https:\/\/legalallies.es\/en\/login\/"]}]},{"@type":"BreadcrumbList","@id":"https:\/\/legalallies.es\/en\/login\/#breadcrumb","itemListElement":[{"@type":"ListItem","position":1,"name":"Home","item":"https:\/\/legalallies.es\/en\/"},{"@type":"ListItem","position":2,"name":"Login"}]},{"@type":"WebSite","@id":"https:\/\/legalallies.es\/en\/#website","url":"https:\/\/legalallies.es\/en\/","name":"Legal Allies: Asesor\u00eda jur\u00eddica para tr\u00e1mites en Espa\u00f1a","description":"Legal Allies. Asesor\u00eda j\u00fardica para tr\u00e1mites en Espa\u00f1a","publisher":{"@id":"https:\/\/legalallies.es\/en\/#organization"},"potentialAction":[{"@type":"SearchAction","target":{"@type":"EntryPoint","urlTemplate":"https:\/\/legalallies.es\/en\/?s={search_term_string}"},"query-input":{"@type":"PropertyValueSpecification","valueRequired":true,"valueName":"search_term_string"}}],"inLanguage":"en-US"},{"@type":"Organization","@id":"https:\/\/legalallies.es\/en\/#organization","name":"Legal Allies","url":"https:\/\/legalallies.es\/en\/","logo":{"@type":"ImageObject","inLanguage":"en-US","@id":"https:\/\/legalallies.es\/en\/#\/schema\/logo\/image\/","url":"https:\/\/legalallies.es\/wp-content\/uploads\/2025\/09\/la2.png","contentUrl":"https:\/\/legalallies.es\/wp-content\/uploads\/2025\/09\/la2.png","width":1024,"height":1024,"caption":"Legal Allies"},"image":{"@id":"https:\/\/legalallies.es\/en\/#\/schema\/logo\/image\/"},"sameAs":["https:\/\/www.facebook.com\/LegalAllies7","https:\/\/x.com\/legalallies7","https:\/\/www.instagram.com\/legal.allies"]}]}},"_links":{"self":[{"href":"https:\/\/legalallies.es\/en\/wp-json\/wp\/v2\/pages\/8593","targetHints":{"allow":["GET"]}}],"collection":[{"href":"https:\/\/legalallies.es\/en\/wp-json\/wp\/v2\/pages"}],"about":[{"href":"https:\/\/legalallies.es\/en\/wp-json\/wp\/v2\/types\/page"}],"author":[{"embeddable":true,"href":"https:\/\/legalallies.es\/en\/wp-json\/wp\/v2\/users\/1"}],"replies":[{"embeddable":true,"href":"https:\/\/legalallies.es\/en\/wp-json\/wp\/v2\/comments?post=8593"}],"version-history":[{"count":7,"href":"https:\/\/legalallies.es\/en\/wp-json\/wp\/v2\/pages\/8593\/revisions"}],"predecessor-version":[{"id":8604,"href":"https:\/\/legalallies.es\/en\/wp-json\/wp\/v2\/pages\/8593\/revisions\/8604"}],"wp:attachment":[{"href":"https:\/\/legalallies.es\/en\/wp-json\/wp\/v2\/media?parent=8593"}],"curies":[{"name":"wp","href":"https:\/\/api.w.org\/{rel}","templated":true}]}}