{"id":13579,"date":"2025-04-17T01:16:29","date_gmt":"2025-04-17T00:16:29","guid":{"rendered":"https:\/\/legalallies.es\/restablecer-la-contrasena-en\/"},"modified":"2026-01-22T17:02:40","modified_gmt":"2026-01-22T16:02:40","slug":"restablecer-la-contrasena-en","status":"publish","type":"page","link":"https:\/\/legalallies.es\/en\/restablecer-la-contrasena-en\/","title":{"rendered":"Restablecer la contrase\u00f1a EN"},"content":{"rendered":"\t\t<div data-elementor-type=\"wp-page\" data-elementor-id=\"13579\" class=\"elementor elementor-13579 elementor-786\" data-elementor-post-type=\"page\">\n\t\t\t\t<div class=\"elementor-element elementor-element-2c475f34 e-flex e-con-boxed e-con e-parent\" data-id=\"2c475f34\" data-element_type=\"container\" data-e-type=\"container\">\n\t\t\t\t\t<div class=\"e-con-inner\">\n\t\t<div class=\"elementor-element elementor-element-d2064c8 e-con-full e-flex e-con e-child\" data-id=\"d2064c8\" data-element_type=\"container\" data-e-type=\"container\" data-settings=\"{&quot;background_background&quot;:&quot;classic&quot;}\">\n\t\t\t\t<div class=\"elementor-element elementor-element-7ade85b elementor-widget elementor-widget-shortcode\" data-id=\"7ade85b\" data-element_type=\"widget\" data-e-type=\"widget\" data-widget_type=\"shortcode.default\">\n\t\t\t\t<div class=\"elementor-widget-container\">\n\t\t\t\t\t\t\t<div class=\"elementor-shortcode\"><div class=\"um um-password um-um_password_id\">\n\t<div class=\"um-form\">\n\t\t<form method=\"post\" action=\"\">\n\t\t\t\n\t\t\t\t<input type=\"hidden\" name=\"_um_password_reset\" id=\"_um_password_reset\" value=\"1\" \/>\n\n\t\t\t\t\t\t\t\t\t<div class=\"um-field um-field-block um-field-type_block\">\n\t\t\t\t\t\t<div class=\"um-field-block\">\n\t\t\t\t\t\t\t<div style=\"text-align:center;\">\n\t\t\t\t\t\t\t\tTo reset your password, please enter your email address or username below.\t\t\t\t\t\t\t<\/div>\n\t\t\t\t\t\t<\/div>\n\t\t\t\t\t<\/div>\n\t\t\t\t\t<div  id=\"um_field_0_username_b\" class=\"um-field um-field-text  um-field-username_b um-field-text um-field-type_text\" data-key=\"username_b\"><div class=\"um-field-area\"><input  autocomplete=\"off\" class=\"um-form-field valid \" type=\"text\" name=\"username_b\" id=\"username_b\" value=\"\" placeholder=\"Enter your username or email\" data-validate=\"\" data-key=\"username_b\"  aria-invalid=\"false\" \/>\n\n\t\t\t\t\t\t<\/div><\/div>\t\t\t\t<div class=\"um-col-alt um-col-alt-b\">\n\t\t\t\t\t<div class=\"um-center\">\n\t\t\t\t\t\t<input type=\"submit\" value=\"Reset password\" class=\"um-button\" id=\"um-submit-btn\" \/>\n\t\t\t\t\t<\/div>\n\t\t\t\t\t<div class=\"um-clear\"><\/div>\n\t\t\t\t<\/div>\n\t\t\t\t\t<input type=\"hidden\" name=\"form_id\" id=\"form_id_um_password_id\" value=\"um_password_id\" \/>\n\t\t<p class=\"um_request_name\">\n\t\t<label for=\"um_request_um_password_id\">Only fill in if you are not human<\/label>\n\t\t<input type=\"hidden\" name=\"um_request\" id=\"um_request_um_password_id\" class=\"input\" value=\"\" size=\"25\" autocomplete=\"off\" \/>\n\t<\/p>\n\t\t\t<\/form>\n\t<\/div>\n<\/div>\n<style>\n\t\t\t.um-um_password_id.um {\n\t\t\tmax-width: 450px;\n\t\t}\n\t\t<\/style>\n<\/div>\n\t\t\t\t\t\t<\/div>\n\t\t\t\t<\/div>\n\t\t\t\t<\/div>\n\t\t\t\t\t<\/div>\n\t\t\t\t<\/div>\n\t\t\t\t<\/div>\n\t\t","protected":false},"excerpt":{"rendered":"","protected":false},"author":1,"featured_media":0,"parent":0,"menu_order":3,"comment_status":"closed","ping_status":"closed","template":"","meta":{"_acf_changed":false,"footnotes":""},"class_list":["post-13579","page","type-page","status-publish","hentry"],"acf":[],"yoast_head":"<!-- This site is optimized with the Yoast SEO plugin v27.3 - https:\/\/yoast.com\/product\/yoast-seo-wordpress\/ -->\n<title>Restablecer la contrase\u00f1a EN - Legal Allies<\/title>\n<meta name=\"robots\" content=\"index, follow, max-snippet:-1, max-image-preview:large, max-video-preview:-1\" \/>\n<link rel=\"canonical\" href=\"https:\/\/legalallies.es\/en\/restablecer-la-contrasena-en\/\" \/>\n<meta property=\"og:locale\" content=\"en_US\" \/>\n<meta property=\"og:type\" content=\"article\" \/>\n<meta property=\"og:title\" content=\"Restablecer la contrase\u00f1a EN - Legal Allies\" \/>\n<meta property=\"og:url\" content=\"https:\/\/legalallies.es\/en\/restablecer-la-contrasena-en\/\" \/>\n<meta property=\"og:site_name\" content=\"Legal Allies\" \/>\n<meta property=\"article:publisher\" content=\"https:\/\/www.facebook.com\/LegalAllies7\" \/>\n<meta property=\"article:modified_time\" content=\"2026-01-22T16:02:40+00:00\" \/>\n<meta name=\"twitter:card\" content=\"summary_large_image\" \/>\n<meta name=\"twitter:site\" content=\"@legalallies7\" \/>\n<script type=\"application\/ld+json\" class=\"yoast-schema-graph\">{\"@context\":\"https:\\\/\\\/schema.org\",\"@graph\":[{\"@type\":\"WebPage\",\"@id\":\"https:\\\/\\\/legalallies.es\\\/en\\\/restablecer-la-contrasena-en\\\/\",\"url\":\"https:\\\/\\\/legalallies.es\\\/en\\\/restablecer-la-contrasena-en\\\/\",\"name\":\"Restablecer la contrase\u00f1a EN - Legal Allies\",\"isPartOf\":{\"@id\":\"https:\\\/\\\/legalallies.es\\\/en\\\/#website\"},\"datePublished\":\"2025-04-17T00:16:29+00:00\",\"dateModified\":\"2026-01-22T16:02:40+00:00\",\"breadcrumb\":{\"@id\":\"https:\\\/\\\/legalallies.es\\\/en\\\/restablecer-la-contrasena-en\\\/#breadcrumb\"},\"inLanguage\":\"en-US\",\"potentialAction\":[{\"@type\":\"ReadAction\",\"target\":[\"https:\\\/\\\/legalallies.es\\\/en\\\/restablecer-la-contrasena-en\\\/\"]}]},{\"@type\":\"BreadcrumbList\",\"@id\":\"https:\\\/\\\/legalallies.es\\\/en\\\/restablecer-la-contrasena-en\\\/#breadcrumb\",\"itemListElement\":[{\"@type\":\"ListItem\",\"position\":1,\"name\":\"Home\",\"item\":\"https:\\\/\\\/legalallies.es\\\/en\\\/\"},{\"@type\":\"ListItem\",\"position\":2,\"name\":\"Restablecer la contrase\u00f1a EN\"}]},{\"@type\":\"WebSite\",\"@id\":\"https:\\\/\\\/legalallies.es\\\/en\\\/#website\",\"url\":\"https:\\\/\\\/legalallies.es\\\/en\\\/\",\"name\":\"Legal Allies: Asesor\u00eda jur\u00eddica para tr\u00e1mites en Espa\u00f1a\",\"description\":\"Legal Allies. Asesor\u00eda j\u00fardica para tr\u00e1mites en Espa\u00f1a\",\"publisher\":{\"@id\":\"https:\\\/\\\/legalallies.es\\\/en\\\/#organization\"},\"potentialAction\":[{\"@type\":\"SearchAction\",\"target\":{\"@type\":\"EntryPoint\",\"urlTemplate\":\"https:\\\/\\\/legalallies.es\\\/en\\\/?s={search_term_string}\"},\"query-input\":{\"@type\":\"PropertyValueSpecification\",\"valueRequired\":true,\"valueName\":\"search_term_string\"}}],\"inLanguage\":\"en-US\"},{\"@type\":\"Organization\",\"@id\":\"https:\\\/\\\/legalallies.es\\\/en\\\/#organization\",\"name\":\"Legal Allies\",\"url\":\"https:\\\/\\\/legalallies.es\\\/en\\\/\",\"logo\":{\"@type\":\"ImageObject\",\"inLanguage\":\"en-US\",\"@id\":\"https:\\\/\\\/legalallies.es\\\/en\\\/#\\\/schema\\\/logo\\\/image\\\/\",\"url\":\"https:\\\/\\\/legalallies.es\\\/wp-content\\\/uploads\\\/2025\\\/09\\\/la2.png\",\"contentUrl\":\"https:\\\/\\\/legalallies.es\\\/wp-content\\\/uploads\\\/2025\\\/09\\\/la2.png\",\"width\":1024,\"height\":1024,\"caption\":\"Legal Allies\"},\"image\":{\"@id\":\"https:\\\/\\\/legalallies.es\\\/en\\\/#\\\/schema\\\/logo\\\/image\\\/\"},\"sameAs\":[\"https:\\\/\\\/www.facebook.com\\\/LegalAllies7\",\"https:\\\/\\\/x.com\\\/legalallies7\",\"https:\\\/\\\/www.instagram.com\\\/legal.allies\"]}]}<\/script>\n<!-- \/ Yoast SEO plugin. -->","yoast_head_json":{"title":"Restablecer la contrase\u00f1a EN - Legal Allies","robots":{"index":"index","follow":"follow","max-snippet":"max-snippet:-1","max-image-preview":"max-image-preview:large","max-video-preview":"max-video-preview:-1"},"canonical":"https:\/\/legalallies.es\/en\/restablecer-la-contrasena-en\/","og_locale":"en_US","og_type":"article","og_title":"Restablecer la contrase\u00f1a EN - Legal Allies","og_url":"https:\/\/legalallies.es\/en\/restablecer-la-contrasena-en\/","og_site_name":"Legal Allies","article_publisher":"https:\/\/www.facebook.com\/LegalAllies7","article_modified_time":"2026-01-22T16:02:40+00:00","twitter_card":"summary_large_image","twitter_site":"@legalallies7","schema":{"@context":"https:\/\/schema.org","@graph":[{"@type":"WebPage","@id":"https:\/\/legalallies.es\/en\/restablecer-la-contrasena-en\/","url":"https:\/\/legalallies.es\/en\/restablecer-la-contrasena-en\/","name":"Restablecer la contrase\u00f1a EN - Legal Allies","isPartOf":{"@id":"https:\/\/legalallies.es\/en\/#website"},"datePublished":"2025-04-17T00:16:29+00:00","dateModified":"2026-01-22T16:02:40+00:00","breadcrumb":{"@id":"https:\/\/legalallies.es\/en\/restablecer-la-contrasena-en\/#breadcrumb"},"inLanguage":"en-US","potentialAction":[{"@type":"ReadAction","target":["https:\/\/legalallies.es\/en\/restablecer-la-contrasena-en\/"]}]},{"@type":"BreadcrumbList","@id":"https:\/\/legalallies.es\/en\/restablecer-la-contrasena-en\/#breadcrumb","itemListElement":[{"@type":"ListItem","position":1,"name":"Home","item":"https:\/\/legalallies.es\/en\/"},{"@type":"ListItem","position":2,"name":"Restablecer la contrase\u00f1a EN"}]},{"@type":"WebSite","@id":"https:\/\/legalallies.es\/en\/#website","url":"https:\/\/legalallies.es\/en\/","name":"Legal Allies: Asesor\u00eda jur\u00eddica para tr\u00e1mites en Espa\u00f1a","description":"Legal Allies. Asesor\u00eda j\u00fardica para tr\u00e1mites en Espa\u00f1a","publisher":{"@id":"https:\/\/legalallies.es\/en\/#organization"},"potentialAction":[{"@type":"SearchAction","target":{"@type":"EntryPoint","urlTemplate":"https:\/\/legalallies.es\/en\/?s={search_term_string}"},"query-input":{"@type":"PropertyValueSpecification","valueRequired":true,"valueName":"search_term_string"}}],"inLanguage":"en-US"},{"@type":"Organization","@id":"https:\/\/legalallies.es\/en\/#organization","name":"Legal Allies","url":"https:\/\/legalallies.es\/en\/","logo":{"@type":"ImageObject","inLanguage":"en-US","@id":"https:\/\/legalallies.es\/en\/#\/schema\/logo\/image\/","url":"https:\/\/legalallies.es\/wp-content\/uploads\/2025\/09\/la2.png","contentUrl":"https:\/\/legalallies.es\/wp-content\/uploads\/2025\/09\/la2.png","width":1024,"height":1024,"caption":"Legal Allies"},"image":{"@id":"https:\/\/legalallies.es\/en\/#\/schema\/logo\/image\/"},"sameAs":["https:\/\/www.facebook.com\/LegalAllies7","https:\/\/x.com\/legalallies7","https:\/\/www.instagram.com\/legal.allies"]}]}},"_links":{"self":[{"href":"https:\/\/legalallies.es\/en\/wp-json\/wp\/v2\/pages\/13579","targetHints":{"allow":["GET"]}}],"collection":[{"href":"https:\/\/legalallies.es\/en\/wp-json\/wp\/v2\/pages"}],"about":[{"href":"https:\/\/legalallies.es\/en\/wp-json\/wp\/v2\/types\/page"}],"author":[{"embeddable":true,"href":"https:\/\/legalallies.es\/en\/wp-json\/wp\/v2\/users\/1"}],"replies":[{"embeddable":true,"href":"https:\/\/legalallies.es\/en\/wp-json\/wp\/v2\/comments?post=13579"}],"version-history":[{"count":1,"href":"https:\/\/legalallies.es\/en\/wp-json\/wp\/v2\/pages\/13579\/revisions"}],"predecessor-version":[{"id":13580,"href":"https:\/\/legalallies.es\/en\/wp-json\/wp\/v2\/pages\/13579\/revisions\/13580"}],"wp:attachment":[{"href":"https:\/\/legalallies.es\/en\/wp-json\/wp\/v2\/media?parent=13579"}],"curies":[{"name":"wp","href":"https:\/\/api.w.org\/{rel}","templated":true}]}}