{"id":8677,"date":"2025-04-17T01:16:28","date_gmt":"2025-04-17T00:16:28","guid":{"rendered":"https:\/\/legalallies.es\/?page_id=8677"},"modified":"2025-08-18T07:00:30","modified_gmt":"2025-08-18T06:00:30","slug":"probesh","status":"publish","type":"page","link":"https:\/\/legalallies.es\/bn\/probesh\/","title":{"rendered":"Acceder"},"content":{"rendered":"\t\t<div data-elementor-type=\"wp-page\" data-elementor-id=\"8677\" class=\"elementor elementor-8677 elementor-781\" data-elementor-post-type=\"page\">\n\t\t\t\t<div class=\"elementor-element elementor-element-348f21a5 e-flex e-con-boxed e-con e-parent\" data-id=\"348f21a5\" data-element_type=\"container\" data-e-type=\"container\">\n\t\t\t\t\t<div class=\"e-con-inner\">\n\t\t<div class=\"elementor-element elementor-element-4f3a5bc e-con-full e-flex e-con e-child\" data-id=\"4f3a5bc\" data-element_type=\"container\" data-e-type=\"container\" data-settings=\"{&quot;background_background&quot;:&quot;classic&quot;}\">\n\t\t\t\t<div class=\"elementor-element elementor-element-c07f71d elementor-widget elementor-widget-heading\" data-id=\"c07f71d\" data-element_type=\"widget\" data-e-type=\"widget\" data-widget_type=\"heading.default\">\n\t\t\t\t<div class=\"elementor-widget-container\">\n\t\t\t\t\t<h2 class=\"elementor-heading-title elementor-size-default\">\u09aa\u09cd\u09b0\u09ac\u09c7\u09b6 \u0995\u09b0\u09c1\u09a8<\/h2>\t\t\t\t<\/div>\n\t\t\t\t<\/div>\n\t\t\t\t<div class=\"elementor-element elementor-element-386c9807 elementor-widget elementor-widget-shortcode\" data-id=\"386c9807\" data-element_type=\"widget\" data-e-type=\"widget\" data-widget_type=\"shortcode.default\">\n\t\t\t\t<div class=\"elementor-widget-container\">\n\t\t\t\t\t\t\t<div class=\"elementor-shortcode\">\n<div class=\"um um-login um-8669\">\n\t<div class=\"um-form\">\n\t\t<form method=\"post\" action=\"\" autocomplete=\"off\">\n\t\t\t<div class=\"um-row _um_row_1 \" style=\"margin: 0 0 30px 0;\"><div class=\"um-col-1\"><div  id=\"um_field_8669_username\" class=\"um-field um-field-text  um-field-username um-field-text um-field-type_text\" data-key=\"username\"><div class=\"um-field-label\"><label for=\"username-8669\">\u09ac\u09cd\u09af\u09ac\u09b9\u09be\u09b0\u0995\u09be\u09b0\u09c0\u09b0 \u09a8\u09be\u09ae \u0985\u09a5\u09ac\u09be \u0987\u09ae\u09c7\u0987\u09b2<span class=\"um-req\" title=\"Required\">*<\/span><\/label><div class=\"um-clear\"><\/div><\/div><div class=\"um-field-area\"><input  autocomplete=\"off\" class=\"um-form-field valid \" type=\"text\" name=\"username-8669\" id=\"username-8669\" value=\"\" placeholder=\"\" data-validate=\"\" data-key=\"username\"  aria-invalid=\"false\" \/>\n\n\t\t\t\t\t\t<\/div><\/div><div  id=\"um_field_8669_user_password\" class=\"um-field um-field-password  um-field-user_password um-field-password um-field-type_password\" data-key=\"user_password\"><div class=\"um-field-label\"><label for=\"user_password-8669\">\u09aa\u09be\u09b8\u0993\u09af\u09bc\u09be\u09b0\u09cd\u09a1<span class=\"um-req\" title=\"Required\">*<\/span><\/label><div class=\"um-clear\"><\/div><\/div><div class=\"um-field-area\"><div class=\"um-field-area-password\">\n\t\t\t\t\t\t\t\t\t<input class=\"um-form-field valid \" type=\"password\" name=\"user_password-8669\" id=\"user_password-8669\" value=\"\" placeholder=\"\" data-validate=\"\" data-key=\"user_password\"  aria-invalid=\"false\" \/>\n\t\t\t\t\t\t\t\t\t<span class=\"um-toggle-password\"><i class=\"um-icon-eye\"><\/i><\/span>\n\t\t\t\t\t\t\t\t<\/div>\n\t\t\t\t\t\t\t<\/div><\/div><\/div><\/div>\t<input type=\"hidden\" name=\"form_id\" id=\"form_id_8669\" value=\"8669\" \/>\n\t\t<p class=\"um_request_name\">\n\t\t<label for=\"um_request_8669\">Only fill in if you are not human<\/label>\n\t\t<input type=\"hidden\" name=\"um_request\" id=\"um_request_8669\" class=\"input\" value=\"\" size=\"25\" autocomplete=\"off\" \/>\n\t<\/p>\n\t<input type=\"hidden\" id=\"_wpnonce\" name=\"_wpnonce\" value=\"10ef16e876\" \/><input type=\"hidden\" name=\"_wp_http_referer\" value=\"\/bn\/wp-json\/wp\/v2\/pages\/8677\" \/>\n\t<div class=\"um-col-alt\">\n\n\t\t\n\n\t\t\t<div class=\"um-field um-field-c\">\n\t\t\t\t<div class=\"um-field-area\">\n\t\t\t\t\t<label class=\"um-field-checkbox\">\n\t\t\t\t\t\t<input type=\"checkbox\" name=\"rememberme\" value=\"1\"  \/>\n\t\t\t\t\t\t<span class=\"um-field-checkbox-state\"><i class=\"um-icon-android-checkbox-outline-blank\"><\/i><\/span>\n\t\t\t\t\t\t<span class=\"um-field-checkbox-option\"> \u0986\u09ae\u09be\u0995\u09c7 \u09b8\u09be\u0987\u09a8 \u0987\u09a8 \u0985\u09ac\u09b8\u09cd\u09a5\u09be\u09af\u09bc \u09b0\u09be\u0996\u09c1\u09a8<\/span>\n\t\t\t\t\t<\/label>\n\t\t\t\t<\/div>\n\t\t\t<\/div>\n\n\t\t\t\t\t\t<div class=\"um-clear\"><\/div>\n\t\t\n\t\t\t<div class=\"um-left um-half\">\n\t\t\t\t<input type=\"submit\" value=\"\u09aa\u09cd\u09b0\u09ac\u09c7\u09b6\" class=\"um-button\" id=\"um-submit-btn\" \/>\n\t\t\t<\/div>\n\t\t\t<div class=\"um-right um-half\">\n\t\t\t\t<a href=\"https:\/\/legalallies.es\/bn\/nibondhon\/\" class=\"um-button um-alt\">\n\t\t\t\t\t\u09a8\u09bf\u09ac\u09a8\u09cd\u09a7\u09a8 \u0995\u09b0\u09c1\u09a8\t\t\t\t<\/a>\n\t\t\t<\/div>\n\n\t\t\n\t\t<div class=\"um-clear\"><\/div>\n\n\t<\/div>\n\n\t\n\t<div class=\"um-col-alt-b\">\n\t\t<a href=\"https:\/\/legalallies.es\/bn\/restablecer-la-contrasena-bn\/\" class=\"um-link-alt\">\n\t\t\t\u0986\u09aa\u09a8\u09bf \u0995\u09bf \u0986\u09aa\u09a8\u09be\u09b0 \u09aa\u09be\u09b8\u0993\u09af\u09bc\u09be\u09b0\u09cd\u09a1 \u09ad\u09c1\u09b2\u09c7 \u0997\u09c7\u099b\u09c7\u09a8?\t\t<\/a>\n\t<\/div>\n\n\t\t\t<\/form>\n\t<\/div>\n<\/div>\n<style>\n\t\t\t.um-8669.um {\n\t\t\tmax-width: 450px;\n\t\t}\n\t\t<\/style>\n<\/div>\n\t\t\t\t\t\t<\/div>\n\t\t\t\t<\/div>\n\t\t\t\t<\/div>\n\t\t\t\t\t<\/div>\n\t\t\t\t<\/div>\n\t\t\t\t<\/div>\n\t\t","protected":false},"excerpt":{"rendered":"<p>\u09aa\u09cd\u09b0\u09ac\u09c7\u09b6 \u0995\u09b0\u09c1\u09a8<\/p>\n","protected":false},"author":1,"featured_media":0,"parent":0,"menu_order":2,"comment_status":"closed","ping_status":"closed","template":"","meta":{"_acf_changed":false,"footnotes":""},"class_list":["post-8677","page","type-page","status-publish","hentry"],"acf":[],"yoast_head":"<!-- This site is optimized with the Yoast SEO plugin v27.3 - https:\/\/yoast.com\/product\/yoast-seo-wordpress\/ -->\n<title>Acceder - Legal Allies<\/title>\n<meta name=\"robots\" content=\"index, follow, max-snippet:-1, max-image-preview:large, max-video-preview:-1\" \/>\n<link rel=\"canonical\" href=\"https:\/\/legalallies.es\/bn\/probesh\/\" \/>\n<meta property=\"og:locale\" content=\"en_US\" \/>\n<meta property=\"og:type\" content=\"article\" \/>\n<meta property=\"og:title\" content=\"Acceder - Legal Allies\" \/>\n<meta property=\"og:description\" content=\"\u09aa\u09cd\u09b0\u09ac\u09c7\u09b6 \u0995\u09b0\u09c1\u09a8\" \/>\n<meta property=\"og:url\" content=\"https:\/\/legalallies.es\/bn\/probesh\/\" \/>\n<meta property=\"og:site_name\" content=\"Legal Allies\" \/>\n<meta property=\"article:publisher\" content=\"https:\/\/www.facebook.com\/LegalAllies7\" \/>\n<meta property=\"article:modified_time\" content=\"2025-08-18T06:00:30+00:00\" \/>\n<meta name=\"twitter:card\" content=\"summary_large_image\" \/>\n<meta name=\"twitter:site\" content=\"@legalallies7\" \/>\n<meta name=\"twitter:label1\" content=\"Est. reading time\" \/>\n\t<meta name=\"twitter:data1\" content=\"1 \u09ae\u09bf\u09a8\u09bf\u099f\" \/>\n<script type=\"application\/ld+json\" class=\"yoast-schema-graph\">{\"@context\":\"https:\\\/\\\/schema.org\",\"@graph\":[{\"@type\":\"WebPage\",\"@id\":\"https:\\\/\\\/legalallies.es\\\/bn\\\/probesh\\\/\",\"url\":\"https:\\\/\\\/legalallies.es\\\/bn\\\/probesh\\\/\",\"name\":\"Acceder - Legal Allies\",\"isPartOf\":{\"@id\":\"https:\\\/\\\/legalallies.es\\\/bn\\\/#website\"},\"datePublished\":\"2025-04-17T00:16:28+00:00\",\"dateModified\":\"2025-08-18T06:00:30+00:00\",\"breadcrumb\":{\"@id\":\"https:\\\/\\\/legalallies.es\\\/bn\\\/probesh\\\/#breadcrumb\"},\"inLanguage\":\"bn-BD\",\"potentialAction\":[{\"@type\":\"ReadAction\",\"target\":[\"https:\\\/\\\/legalallies.es\\\/bn\\\/probesh\\\/\"]}]},{\"@type\":\"BreadcrumbList\",\"@id\":\"https:\\\/\\\/legalallies.es\\\/bn\\\/probesh\\\/#breadcrumb\",\"itemListElement\":[{\"@type\":\"ListItem\",\"position\":1,\"name\":\"\u09b8\u09c2\u099a\u09a8\u09be\",\"item\":\"https:\\\/\\\/legalallies.es\\\/bn\\\/\"},{\"@type\":\"ListItem\",\"position\":2,\"name\":\"Acceder\"}]},{\"@type\":\"WebSite\",\"@id\":\"https:\\\/\\\/legalallies.es\\\/bn\\\/#website\",\"url\":\"https:\\\/\\\/legalallies.es\\\/bn\\\/\",\"name\":\"Legal Allies: Asesor\u00eda jur\u00eddica para tr\u00e1mites en Espa\u00f1a\",\"description\":\"\u00bfNecesitas asesor\u00eda jur\u00eddica para alg\u00fan tr\u00e1mite en Espa\u00f1a? En Legal Allies encontrar\u00e1s expertos en todas las ramas del derecho e informaci\u00f3n ver\u00eddica y actualizada sobre los diversos procedimientos legales.\",\"publisher\":{\"@id\":\"https:\\\/\\\/legalallies.es\\\/bn\\\/#organization\"},\"potentialAction\":[{\"@type\":\"SearchAction\",\"target\":{\"@type\":\"EntryPoint\",\"urlTemplate\":\"https:\\\/\\\/legalallies.es\\\/bn\\\/?s={search_term_string}\"},\"query-input\":{\"@type\":\"PropertyValueSpecification\",\"valueRequired\":true,\"valueName\":\"search_term_string\"}}],\"inLanguage\":\"bn-BD\"},{\"@type\":\"Organization\",\"@id\":\"https:\\\/\\\/legalallies.es\\\/bn\\\/#organization\",\"name\":\"Legal Allies\",\"url\":\"https:\\\/\\\/legalallies.es\\\/bn\\\/\",\"logo\":{\"@type\":\"ImageObject\",\"inLanguage\":\"bn-BD\",\"@id\":\"https:\\\/\\\/legalallies.es\\\/bn\\\/#\\\/schema\\\/logo\\\/image\\\/\",\"url\":\"https:\\\/\\\/legalallies.es\\\/wp-content\\\/uploads\\\/2025\\\/09\\\/la2.png\",\"contentUrl\":\"https:\\\/\\\/legalallies.es\\\/wp-content\\\/uploads\\\/2025\\\/09\\\/la2.png\",\"width\":1024,\"height\":1024,\"caption\":\"Legal Allies\"},\"image\":{\"@id\":\"https:\\\/\\\/legalallies.es\\\/bn\\\/#\\\/schema\\\/logo\\\/image\\\/\"},\"sameAs\":[\"https:\\\/\\\/www.facebook.com\\\/LegalAllies7\",\"https:\\\/\\\/x.com\\\/legalallies7\",\"https:\\\/\\\/www.instagram.com\\\/legal.allies\"]}]}<\/script>\n<!-- \/ Yoast SEO plugin. -->","yoast_head_json":{"title":"Acceder - Legal Allies","robots":{"index":"index","follow":"follow","max-snippet":"max-snippet:-1","max-image-preview":"max-image-preview:large","max-video-preview":"max-video-preview:-1"},"canonical":"https:\/\/legalallies.es\/bn\/probesh\/","og_locale":"en_US","og_type":"article","og_title":"Acceder - Legal Allies","og_description":"\u09aa\u09cd\u09b0\u09ac\u09c7\u09b6 \u0995\u09b0\u09c1\u09a8","og_url":"https:\/\/legalallies.es\/bn\/probesh\/","og_site_name":"Legal Allies","article_publisher":"https:\/\/www.facebook.com\/LegalAllies7","article_modified_time":"2025-08-18T06:00:30+00:00","twitter_card":"summary_large_image","twitter_site":"@legalallies7","twitter_misc":{"Est. reading time":"1 \u09ae\u09bf\u09a8\u09bf\u099f"},"schema":{"@context":"https:\/\/schema.org","@graph":[{"@type":"WebPage","@id":"https:\/\/legalallies.es\/bn\/probesh\/","url":"https:\/\/legalallies.es\/bn\/probesh\/","name":"Acceder - Legal Allies","isPartOf":{"@id":"https:\/\/legalallies.es\/bn\/#website"},"datePublished":"2025-04-17T00:16:28+00:00","dateModified":"2025-08-18T06:00:30+00:00","breadcrumb":{"@id":"https:\/\/legalallies.es\/bn\/probesh\/#breadcrumb"},"inLanguage":"bn-BD","potentialAction":[{"@type":"ReadAction","target":["https:\/\/legalallies.es\/bn\/probesh\/"]}]},{"@type":"BreadcrumbList","@id":"https:\/\/legalallies.es\/bn\/probesh\/#breadcrumb","itemListElement":[{"@type":"ListItem","position":1,"name":"\u09b8\u09c2\u099a\u09a8\u09be","item":"https:\/\/legalallies.es\/bn\/"},{"@type":"ListItem","position":2,"name":"Acceder"}]},{"@type":"WebSite","@id":"https:\/\/legalallies.es\/bn\/#website","url":"https:\/\/legalallies.es\/bn\/","name":"Legal Allies: Asesor\u00eda jur\u00eddica para tr\u00e1mites en Espa\u00f1a","description":"\u00bfNecesitas asesor\u00eda jur\u00eddica para alg\u00fan tr\u00e1mite en Espa\u00f1a? En Legal Allies encontrar\u00e1s expertos en todas las ramas del derecho e informaci\u00f3n ver\u00eddica y actualizada sobre los diversos procedimientos legales.","publisher":{"@id":"https:\/\/legalallies.es\/bn\/#organization"},"potentialAction":[{"@type":"SearchAction","target":{"@type":"EntryPoint","urlTemplate":"https:\/\/legalallies.es\/bn\/?s={search_term_string}"},"query-input":{"@type":"PropertyValueSpecification","valueRequired":true,"valueName":"search_term_string"}}],"inLanguage":"bn-BD"},{"@type":"Organization","@id":"https:\/\/legalallies.es\/bn\/#organization","name":"Legal Allies","url":"https:\/\/legalallies.es\/bn\/","logo":{"@type":"ImageObject","inLanguage":"bn-BD","@id":"https:\/\/legalallies.es\/bn\/#\/schema\/logo\/image\/","url":"https:\/\/legalallies.es\/wp-content\/uploads\/2025\/09\/la2.png","contentUrl":"https:\/\/legalallies.es\/wp-content\/uploads\/2025\/09\/la2.png","width":1024,"height":1024,"caption":"Legal Allies"},"image":{"@id":"https:\/\/legalallies.es\/bn\/#\/schema\/logo\/image\/"},"sameAs":["https:\/\/www.facebook.com\/LegalAllies7","https:\/\/x.com\/legalallies7","https:\/\/www.instagram.com\/legal.allies"]}]}},"_links":{"self":[{"href":"https:\/\/legalallies.es\/bn\/wp-json\/wp\/v2\/pages\/8677","targetHints":{"allow":["GET"]}}],"collection":[{"href":"https:\/\/legalallies.es\/bn\/wp-json\/wp\/v2\/pages"}],"about":[{"href":"https:\/\/legalallies.es\/bn\/wp-json\/wp\/v2\/types\/page"}],"author":[{"embeddable":true,"href":"https:\/\/legalallies.es\/bn\/wp-json\/wp\/v2\/users\/1"}],"replies":[{"embeddable":true,"href":"https:\/\/legalallies.es\/bn\/wp-json\/wp\/v2\/comments?post=8677"}],"version-history":[{"count":4,"href":"https:\/\/legalallies.es\/bn\/wp-json\/wp\/v2\/pages\/8677\/revisions"}],"predecessor-version":[{"id":8681,"href":"https:\/\/legalallies.es\/bn\/wp-json\/wp\/v2\/pages\/8677\/revisions\/8681"}],"wp:attachment":[{"href":"https:\/\/legalallies.es\/bn\/wp-json\/wp\/v2\/media?parent=8677"}],"curies":[{"name":"wp","href":"https:\/\/api.w.org\/{rel}","templated":true}]}}